{"id":176,"date":"2024-07-26T17:27:17","date_gmt":"2024-07-26T17:27:17","guid":{"rendered":"https:\/\/spyderfreunde-nordhessen.de\/?page_id=176"},"modified":"2024-08-03T19:05:40","modified_gmt":"2024-08-03T19:05:40","slug":"startseite","status":"publish","type":"page","link":"https:\/\/spyderfreunde-nordhessen.de\/","title":{"rendered":"Herzlich Willkommen"},"content":{"rendered":"\n<p class=\"has-text-align-center has-vivid-red-color has-text-color has-link-color wp-elements-f7a147c01bbb7ad404a6fc9bf930d953\"><strong><em>Liebe Besucher.<\/em><\/strong><\/p>\n\n\n\n<p class=\"has-text-align-center has-vivid-red-color has-text-color has-link-color wp-elements-b1b4ef1df1f29ee0f266ba2ab2605019\"><strong><em>Die Seite ist noch komplett im Aufbau .Es fehlen noch viele Seiten<\/em><\/strong> <strong><em>und <\/em><\/strong> <strong><em>Bilder. <\/em><\/strong><\/p>\n\n\n\n<p class=\"has-text-align-center has-vivid-red-color has-text-color has-link-color wp-elements-1765ae565a423f0a782baf16acab1ec0\"><strong><em>Habt noch ein wenig Geduld.<\/em><\/strong> \ud83d\ude42<\/p>\n\n\n\n<p class=\"has-text-align-center has-vivid-red-color has-text-color has-link-color wp-elements-d8372ea57c40f9b555423fe400330ecf\"><strong><em>Liebe Gr\u00fc\u00dfe Spyder Freunde-Nordhessen<\/em><\/strong><\/p>\n\n\n\n<div class=\"wp-block-cover is-light\" style=\"min-height:557px;aspect-ratio:unset;\"><span aria-hidden=\"true\" class=\"wp-block-cover__background has-background-dim\" style=\"background-color:#8292a2\"><\/span><img loading=\"lazy\" decoding=\"async\" width=\"2560\" height=\"1093\" class=\"wp-block-cover__image-background wp-image-207\" alt=\"\" src=\"https:\/\/spyderfreunde-nordhessen.de\/wp-content\/uploads\/2024\/07\/PXL_20240608_090523079-3-scaled.jpg\" data-object-fit=\"cover\" srcset=\"https:\/\/spyderfreunde-nordhessen.de\/wp-content\/uploads\/2024\/07\/PXL_20240608_090523079-3-scaled.jpg 2560w, https:\/\/spyderfreunde-nordhessen.de\/wp-content\/uploads\/2024\/07\/PXL_20240608_090523079-3-300x128.jpg 300w, https:\/\/spyderfreunde-nordhessen.de\/wp-content\/uploads\/2024\/07\/PXL_20240608_090523079-3-1024x437.jpg 1024w, https:\/\/spyderfreunde-nordhessen.de\/wp-content\/uploads\/2024\/07\/PXL_20240608_090523079-3-768x328.jpg 768w, https:\/\/spyderfreunde-nordhessen.de\/wp-content\/uploads\/2024\/07\/PXL_20240608_090523079-3-1536x656.jpg 1536w, https:\/\/spyderfreunde-nordhessen.de\/wp-content\/uploads\/2024\/07\/PXL_20240608_090523079-3-2048x874.jpg 2048w\" sizes=\"auto, (max-width: 2560px) 100vw, 2560px\" \/><div class=\"wp-block-cover__inner-container is-layout-constrained wp-block-cover-is-layout-constrained\">\n<p class=\"has-text-align-center has-white-color has-text-color has-link-color has-medium-font-size wp-elements-5e0169434bee172f6eb7e2828a16b1fd\">Wir sind eine Gruppe Spyder und Ryker Fahrer aus Nordhessen.<\/p>\n\n\n\n<div class=\"wp-block-group\"><div class=\"wp-block-group__inner-container is-layout-constrained wp-block-group-is-layout-constrained\">\n<p class=\"has-text-align-center has-white-color has-text-color has-link-color has-medium-font-size wp-elements-161f838a65c071d71e52063a5e2e943e\">Wir alle lieben das Fahren auf drei R\u00e4dern ohne Verpflichtungen.&nbsp;Wir treffen uns an den Wochenenden, entweder geplant oder auch einfach mal ganz spontan zu netten Ausfahrten.&nbsp;<\/p>\n\n\n\n<p class=\"has-text-align-center has-white-color has-text-color has-link-color has-medium-font-size wp-elements-eb1adbd7e063929336a9fc82d4060851\">Wir sind kein Club oder Chapter.&nbsp;<\/p>\n\n\n\n<p class=\"has-text-align-center has-white-color has-text-color has-link-color has-medium-font-size wp-elements-58b136fb6d0385b92d1262680b884849\">Wir m\u00f6chten einfach Spa\u00df beim Fahren haben ohne Verpflichtungen. Wir freuen uns wenn wir nette Fahrer treffen die unser Hobby teilen und sich uns anschlie\u00dfen m\u00f6chten.<\/p>\n\n\n\n<p class=\"has-text-align-center has-white-color has-text-color has-link-color has-medium-font-size wp-elements-ba497803aab6b108e9a300fdf8e47f98\">Auf dieser Seite m\u00f6chten wir euch verschieden Ausflugsziele, Treffen, H\u00e4ndler oder Bilder unsere Ausfl\u00fcge zeigen.<\/p>\n<\/div><\/div>\n\n\n\n<p class=\"has-text-align-center has-white-color has-text-color has-link-color has-medium-font-size wp-elements-b0c64a0bae637fc328458f54a31917e2\">Liebe Gr\u00fc\u00dfe Spyderfreunde Nordhessen<\/p>\n\n\n\n<p><\/p>\n<\/div><\/div>\n\n\n\n<p><\/p>\n\n\n\n<hr class=\"wp-block-separator has-text-color has-vivid-cyan-blue-color has-alpha-channel-opacity has-vivid-cyan-blue-background-color has-background is-style-wide\"\/>\n\n\n\n<div class=\"wp-block-group\"><div class=\"wp-block-group__inner-container is-layout-constrained wp-block-group-is-layout-constrained\">\n<div class=\"wp-block-group\"><div class=\"wp-block-group__inner-container is-layout-constrained wp-block-group-is-layout-constrained\">\n<div class=\"wp-block-buttons is-content-justification-center is-layout-flex wp-container-core-buttons-is-layout-16018d1d wp-block-buttons-is-layout-flex\">\n<div class=\"wp-block-button\"><a class=\"wp-block-button__link has-cyan-bluish-gray-background-color has-background wp-element-button\" href=\"https:\/\/spyderfreunde-nordhessen.de\/?page_id=245\">Termine<\/a><\/div>\n\n\n\n<div class=\"wp-block-button is-style-fill\"><a class=\"wp-block-button__link has-cyan-bluish-gray-background-color has-background wp-element-button\" href=\"https:\/\/spyderfreunde-nordhessen.de\/?page_id=229\">H\u00e4ndler<\/a><\/div>\n\n\n\n<div class=\"wp-block-button is-style-fill\"><a class=\"wp-block-button__link has-cyan-bluish-gray-background-color has-background wp-element-button\" href=\"https:\/\/spyderfreunde-nordhessen.de\/?page_id=302\">Ausflugsziele<\/a><\/div>\n\n\n\n<div class=\"wp-block-button is-style-fill\"><a class=\"wp-block-button__link has-cyan-bluish-gray-background-color has-background wp-element-button\" href=\"https:\/\/spyderfreunde-nordhessen.de\/?page_id=217\">Blog<\/a><\/div>\n<\/div>\n<\/div><\/div>\n<\/div><\/div>\n\n\n\n<p><\/p>\n\n\n\n<hr class=\"wp-block-separator has-alpha-channel-opacity\"\/>\n","protected":false},"excerpt":{"rendered":"<p>Liebe Besucher. Die Seite ist noch komplett im Aufbau .Es fehlen noch viele Seiten und Bilder. Habt noch ein wenig Geduld. \ud83d\ude42 Liebe Gr\u00fc\u00dfe Spyder Freunde-Nordhessen<\/p>\n","protected":false},"author":1,"featured_media":0,"parent":0,"menu_order":0,"comment_status":"closed","ping_status":"closed","template":"","meta":{"footnotes":""},"class_list":["post-176","page","type-page","status-publish","hentry"],"_links":{"self":[{"href":"https:\/\/spyderfreunde-nordhessen.de\/index.php?rest_route=\/wp\/v2\/pages\/176","targetHints":{"allow":["GET"]}}],"collection":[{"href":"https:\/\/spyderfreunde-nordhessen.de\/index.php?rest_route=\/wp\/v2\/pages"}],"about":[{"href":"https:\/\/spyderfreunde-nordhessen.de\/index.php?rest_route=\/wp\/v2\/types\/page"}],"author":[{"embeddable":true,"href":"https:\/\/spyderfreunde-nordhessen.de\/index.php?rest_route=\/wp\/v2\/users\/1"}],"replies":[{"embeddable":true,"href":"https:\/\/spyderfreunde-nordhessen.de\/index.php?rest_route=%2Fwp%2Fv2%2Fcomments&post=176"}],"version-history":[{"count":25,"href":"https:\/\/spyderfreunde-nordhessen.de\/index.php?rest_route=\/wp\/v2\/pages\/176\/revisions"}],"predecessor-version":[{"id":312,"href":"https:\/\/spyderfreunde-nordhessen.de\/index.php?rest_route=\/wp\/v2\/pages\/176\/revisions\/312"}],"wp:attachment":[{"href":"https:\/\/spyderfreunde-nordhessen.de\/index.php?rest_route=%2Fwp%2Fv2%2Fmedia&parent=176"}],"curies":[{"name":"wp","href":"https:\/\/api.w.org\/{rel}","templated":true}]}}